{"id":4987,"date":"2022-03-29T09:49:49","date_gmt":"2022-03-29T09:49:49","guid":{"rendered":"https:\/\/bertrand.lu\/?page_id=4987"},"modified":"2024-07-11T13:28:56","modified_gmt":"2024-07-11T11:28:56","slug":"articles","status":"publish","type":"page","link":"https:\/\/bertrand.lu\/fr\/articles\/","title":{"rendered":"Articles"},"content":{"rendered":"\t\t<div data-elementor-type=\"wp-page\" data-elementor-id=\"4987\" class=\"elementor elementor-4987\">\n\t\t\t\t\t\t<section class=\"elementor-section elementor-top-section elementor-element elementor-element-5e999417 elementor-section-stretched elementor-section-height-min-height elementor-section-full_width elementor-section-items-bottom elementor-section-height-default elementor-invisible\" data-id=\"5e999417\" data-element_type=\"section\" data-settings=\"{&quot;stretch_section&quot;:&quot;section-stretched&quot;,&quot;background_background&quot;:&quot;classic&quot;,&quot;animation&quot;:&quot;fadeIn&quot;,&quot;animation_delay&quot;:400}\">\n\t\t\t\t\t\t\t<div class=\"elementor-background-overlay\"><\/div>\n\t\t\t\t\t\t\t<div class=\"elementor-container elementor-column-gap-default\">\n\t\t\t\t\t<div class=\"elementor-column elementor-col-100 elementor-top-column elementor-element elementor-element-7c6e91f2\" data-id=\"7c6e91f2\" data-element_type=\"column\">\n\t\t\t<div class=\"elementor-widget-wrap elementor-element-populated\">\n\t\t\t\t\t\t<div class=\"elementor-element elementor-element-b8895cb elementor-widget elementor-widget-heading\" data-id=\"b8895cb\" data-element_type=\"widget\" data-widget_type=\"heading.default\">\n\t\t\t\t<div class=\"elementor-widget-container\">\n\t\t\t\t\t<h1 class=\"elementor-heading-title elementor-size-default\">Articles<\/h1>\t\t\t\t<\/div>\n\t\t\t\t<\/div>\n\t\t\t\t\t<\/div>\n\t\t<\/div>\n\t\t\t\t\t<\/div>\n\t\t<\/section>\n\t\t\t\t<section class=\"elementor-section elementor-top-section elementor-element elementor-element-33e7c8b4 elementor-section-full_width elementor-section-height-default elementor-section-height-default\" data-id=\"33e7c8b4\" data-element_type=\"section\">\n\t\t\t\t\t\t<div class=\"elementor-container elementor-column-gap-default\">\n\t\t\t\t\t<div class=\"elementor-column elementor-col-100 elementor-top-column elementor-element elementor-element-1d6509cf\" data-id=\"1d6509cf\" data-element_type=\"column\">\n\t\t\t<div class=\"elementor-widget-wrap elementor-element-populated\">\n\t\t\t\t\t\t<div class=\"elementor-element elementor-element-ed429e2 elementor-widget elementor-widget-text-editor\" data-id=\"ed429e2\" data-element_type=\"widget\" data-widget_type=\"text-editor.default\">\n\t\t\t\t<div class=\"elementor-widget-container\">\n\t\t\t\t\t\t\t\t\t<p>Discover our latest articles. We present to you the latest trends in landscaping with natural stones (marble kitchen, granite bathroom, limestone terrace, etc.). You will be informed of all the news from Marbrerie Bertrand.<\/p>\t\t\t\t\t\t\t\t<\/div>\n\t\t\t\t<\/div>\n\t\t\t\t<div class=\"elementor-element elementor-element-7bd2c0c5 elementor-widget__width-auto elementor-absolute elementor-view-default elementor-widget elementor-widget-icon\" data-id=\"7bd2c0c5\" data-element_type=\"widget\" data-settings=\"{&quot;_position&quot;:&quot;absolute&quot;}\" data-widget_type=\"icon.default\">\n\t\t\t\t<div class=\"elementor-widget-container\">\n\t\t\t\t\t\t\t<div class=\"elementor-icon-wrapper\">\n\t\t\t<div class=\"elementor-icon\">\n\t\t\t<svg xmlns=\"http:\/\/www.w3.org\/2000\/svg\" id=\"a72f1db4-4b9f-4cbc-ac4c-a54efeaf8336\" data-name=\"Layer 1\" width=\"100\" height=\"100\" viewBox=\"0 0 100 100\"><title>Shape<\/title><path id=\"aecdc5f9-a79f-465f-8b06-186d589ccd57\" data-name=\"Shape\" d=\"M0,100V0H50V50h50v50Z\" style=\"fill-rule:evenodd\"><\/path><\/svg>\t\t\t<\/div>\n\t\t<\/div>\n\t\t\t\t\t\t<\/div>\n\t\t\t\t<\/div>\n\t\t\t\t<div class=\"elementor-element elementor-element-76da831c elementor-widget__width-auto elementor-absolute elementor-view-default elementor-widget elementor-widget-icon\" data-id=\"76da831c\" data-element_type=\"widget\" data-settings=\"{&quot;_position&quot;:&quot;absolute&quot;}\" data-widget_type=\"icon.default\">\n\t\t\t\t<div class=\"elementor-widget-container\">\n\t\t\t\t\t\t\t<div class=\"elementor-icon-wrapper\">\n\t\t\t<div class=\"elementor-icon\">\n\t\t\t<svg xmlns=\"http:\/\/www.w3.org\/2000\/svg\" id=\"a72f1db4-4b9f-4cbc-ac4c-a54efeaf8336\" data-name=\"Layer 1\" width=\"100\" height=\"100\" viewBox=\"0 0 100 100\"><title>Shape<\/title><path id=\"aecdc5f9-a79f-465f-8b06-186d589ccd57\" data-name=\"Shape\" d=\"M0,100V0H50V50h50v50Z\" style=\"fill-rule:evenodd\"><\/path><\/svg>\t\t\t<\/div>\n\t\t<\/div>\n\t\t\t\t\t\t<\/div>\n\t\t\t\t<\/div>\n\t\t\t\t\t<\/div>\n\t\t<\/div>\n\t\t\t\t\t<\/div>\n\t\t<\/section>\n\t\t\t\t<section class=\"elementor-section elementor-top-section elementor-element elementor-element-4963571e elementor-section-full_width elementor-section-stretched elementor-section-height-default elementor-section-height-default\" data-id=\"4963571e\" data-element_type=\"section\" data-settings=\"{&quot;stretch_section&quot;:&quot;section-stretched&quot;}\">\n\t\t\t\t\t\t<div class=\"elementor-container elementor-column-gap-default\">\n\t\t\t\t\t<div class=\"elementor-column elementor-col-100 elementor-top-column elementor-element elementor-element-3775ec6f\" data-id=\"3775ec6f\" data-element_type=\"column\">\n\t\t\t<div class=\"elementor-widget-wrap elementor-element-populated\">\n\t\t\t\t\t\t<div class=\"elementor-element elementor-element-749f2657 elementor-widget elementor-widget-shortcode\" data-id=\"749f2657\" data-element_type=\"widget\" data-widget_type=\"shortcode.default\">\n\t\t\t\t<div class=\"elementor-widget-container\">\n\t\t\t\t\t\t\t<div class=\"elementor-shortcode\">[elementor-template id=\"2442\"]<\/div>\n\t\t\t\t\t\t<\/div>\n\t\t\t\t<\/div>\n\t\t\t\t\t<\/div>\n\t\t<\/div>\n\t\t\t\t\t<\/div>\n\t\t<\/section>\n\t\t\t\t<\/div>\n\t\t","protected":false},"excerpt":{"rendered":"<p>Articles Discover our latest articles. We present to you the latest trends in landscaping with natural stones (marble kitchen, granite bathroom, limestone terrace, etc.). You will be informed of all the news from Marbrerie Bertrand. Shape Shape [elementor-template id=&#8221;2442&#8243;]<\/p>\n","protected":false},"author":1,"featured_media":0,"parent":0,"menu_order":0,"comment_status":"closed","ping_status":"closed","template":"","meta":{"footnotes":""},"class_list":["post-4987","page","type-page","status-publish","hentry","entry"],"yoast_head":"<!-- This site is optimized with the Yoast SEO plugin v23.8 - https:\/\/yoast.com\/wordpress\/plugins\/seo\/ -->\n<title>Our Articles and News - Marbrerie Bertrand<\/title>\n<meta name=\"description\" content=\"Discover our latest articles. We present you insights on natural stone, and news about Marbrerie Bertrand.\" \/>\n<meta name=\"robots\" content=\"index, follow, max-snippet:-1, max-image-preview:large, max-video-preview:-1\" \/>\n<link rel=\"canonical\" href=\"https:\/\/bertrand.lu\/fr\/articles\/\" \/>\n<meta property=\"og:locale\" content=\"fr_FR\" \/>\n<meta property=\"og:type\" content=\"article\" \/>\n<meta property=\"og:title\" content=\"Our Articles and News - Marbrerie Bertrand\" \/>\n<meta property=\"og:description\" content=\"Discover our latest articles. We present you insights on natural stone, and news about Marbrerie Bertrand.\" \/>\n<meta property=\"og:url\" content=\"https:\/\/bertrand.lu\/fr\/articles\/\" \/>\n<meta property=\"og:site_name\" content=\"Marbrerie Bertrand\" \/>\n<meta property=\"article:modified_time\" content=\"2024-07-11T11:28:56+00:00\" \/>\n<meta name=\"twitter:card\" content=\"summary_large_image\" \/>\n<meta name=\"twitter:label1\" content=\"Dur\u00e9e de lecture estim\u00e9e\" \/>\n\t<meta name=\"twitter:data1\" content=\"5 minutes\" \/>\n<script type=\"application\/ld+json\" class=\"yoast-schema-graph\">{\"@context\":\"https:\/\/schema.org\",\"@graph\":[{\"@type\":[\"WebPage\",\"CollectionPage\"],\"@id\":\"https:\/\/bertrand.lu\/articles\/\",\"url\":\"https:\/\/bertrand.lu\/articles\/\",\"name\":\"Our Articles and News - Marbrerie Bertrand\",\"isPartOf\":{\"@id\":\"https:\/\/bertrand.lu\/#website\"},\"datePublished\":\"2022-03-29T09:49:49+00:00\",\"dateModified\":\"2024-07-11T11:28:56+00:00\",\"description\":\"Discover our latest articles. We present you insights on natural stone, and news about Marbrerie Bertrand.\",\"breadcrumb\":{\"@id\":\"https:\/\/bertrand.lu\/articles\/#breadcrumb\"},\"inLanguage\":\"fr-FR\"},{\"@type\":\"BreadcrumbList\",\"@id\":\"https:\/\/bertrand.lu\/articles\/#breadcrumb\",\"itemListElement\":[{\"@type\":\"ListItem\",\"position\":1,\"name\":\"Home\",\"item\":\"https:\/\/bertrand.lu\/\"},{\"@type\":\"ListItem\",\"position\":2,\"name\":\"Articles\"}]},{\"@type\":\"WebSite\",\"@id\":\"https:\/\/bertrand.lu\/#website\",\"url\":\"https:\/\/bertrand.lu\/\",\"name\":\"Marbrerie Bertrand\",\"description\":\"Bertrand Stone Luxembourg\",\"publisher\":{\"@id\":\"https:\/\/bertrand.lu\/#organization\"},\"potentialAction\":[{\"@type\":\"SearchAction\",\"target\":{\"@type\":\"EntryPoint\",\"urlTemplate\":\"https:\/\/bertrand.lu\/?s={search_term_string}\"},\"query-input\":{\"@type\":\"PropertyValueSpecification\",\"valueRequired\":true,\"valueName\":\"search_term_string\"}}],\"inLanguage\":\"fr-FR\"},{\"@type\":\"Organization\",\"@id\":\"https:\/\/bertrand.lu\/#organization\",\"name\":\"Marbrerie Bertrand\",\"url\":\"https:\/\/bertrand.lu\/\",\"logo\":{\"@type\":\"ImageObject\",\"inLanguage\":\"fr-FR\",\"@id\":\"https:\/\/bertrand.lu\/#\/schema\/logo\/image\/\",\"url\":\"https:\/\/bertrand.lu\/wp-content\/uploads\/2021\/07\/logW1.png\",\"contentUrl\":\"https:\/\/bertrand.lu\/wp-content\/uploads\/2021\/07\/logW1.png\",\"width\":412,\"height\":200,\"caption\":\"Marbrerie Bertrand\"},\"image\":{\"@id\":\"https:\/\/bertrand.lu\/#\/schema\/logo\/image\/\"}}]}<\/script>\n<!-- \/ Yoast SEO plugin. -->","yoast_head_json":{"title":"Nos Articles et Actualit\u00e9s - Marbrerie Bertrand","description":"D\u00e9couvrez nos derniers articles. Nous vous pr\u00e9sentons un aper\u00e7u de la pierre naturelle et des nouvelles de la Marbrerie Bertrand.","robots":{"index":"index","follow":"follow","max-snippet":"max-snippet:-1","max-image-preview":"max-image-preview:large","max-video-preview":"max-video-preview:-1"},"canonical":"https:\/\/bertrand.lu\/fr\/articles\/","og_locale":"fr_FR","og_type":"article","og_title":"Our Articles and News - Marbrerie Bertrand","og_description":"Discover our latest articles. We present you insights on natural stone, and news about Marbrerie Bertrand.","og_url":"https:\/\/bertrand.lu\/fr\/articles\/","og_site_name":"Marbrerie Bertrand","article_modified_time":"2024-07-11T11:28:56+00:00","twitter_card":"summary_large_image","twitter_misc":{"Dur\u00e9e de lecture estim\u00e9e":"5 minutes"},"schema":{"@context":"https:\/\/schema.org","@graph":[{"@type":["WebPage","CollectionPage"],"@id":"https:\/\/bertrand.lu\/articles\/","url":"https:\/\/bertrand.lu\/articles\/","name":"Nos Articles et Actualit\u00e9s - Marbrerie Bertrand","isPartOf":{"@id":"https:\/\/bertrand.lu\/#website"},"datePublished":"2022-03-29T09:49:49+00:00","dateModified":"2024-07-11T11:28:56+00:00","description":"D\u00e9couvrez nos derniers articles. Nous vous pr\u00e9sentons un aper\u00e7u de la pierre naturelle et des nouvelles de la Marbrerie Bertrand.","breadcrumb":{"@id":"https:\/\/bertrand.lu\/articles\/#breadcrumb"},"inLanguage":"fr-FR"},{"@type":"BreadcrumbList","@id":"https:\/\/bertrand.lu\/articles\/#breadcrumb","itemListElement":[{"@type":"ListItem","position":1,"name":"Home","item":"https:\/\/bertrand.lu\/"},{"@type":"ListItem","position":2,"name":"Articles"}]},{"@type":"WebSite","@id":"https:\/\/bertrand.lu\/#website","url":"https:\/\/bertrand.lu\/","name":"Marbrerie Bertrand","description":"Bertrand Stone Luxembourg","publisher":{"@id":"https:\/\/bertrand.lu\/#organization"},"potentialAction":[{"@type":"SearchAction","target":{"@type":"EntryPoint","urlTemplate":"https:\/\/bertrand.lu\/?s={search_term_string}"},"query-input":{"@type":"PropertyValueSpecification","valueRequired":true,"valueName":"search_term_string"}}],"inLanguage":"fr-FR"},{"@type":"Organization","@id":"https:\/\/bertrand.lu\/#organization","name":"Marbrerie Bertrand","url":"https:\/\/bertrand.lu\/","logo":{"@type":"ImageObject","inLanguage":"fr-FR","@id":"https:\/\/bertrand.lu\/#\/schema\/logo\/image\/","url":"https:\/\/bertrand.lu\/wp-content\/uploads\/2021\/07\/logW1.png","contentUrl":"https:\/\/bertrand.lu\/wp-content\/uploads\/2021\/07\/logW1.png","width":412,"height":200,"caption":"Marbrerie Bertrand"},"image":{"@id":"https:\/\/bertrand.lu\/#\/schema\/logo\/image\/"}}]}},"_links":{"self":[{"href":"https:\/\/bertrand.lu\/fr\/wp-json\/wp\/v2\/pages\/4987","targetHints":{"allow":["GET"]}}],"collection":[{"href":"https:\/\/bertrand.lu\/fr\/wp-json\/wp\/v2\/pages"}],"about":[{"href":"https:\/\/bertrand.lu\/fr\/wp-json\/wp\/v2\/types\/page"}],"author":[{"embeddable":true,"href":"https:\/\/bertrand.lu\/fr\/wp-json\/wp\/v2\/users\/1"}],"replies":[{"embeddable":true,"href":"https:\/\/bertrand.lu\/fr\/wp-json\/wp\/v2\/comments?post=4987"}],"version-history":[{"count":11,"href":"https:\/\/bertrand.lu\/fr\/wp-json\/wp\/v2\/pages\/4987\/revisions"}],"predecessor-version":[{"id":8490,"href":"https:\/\/bertrand.lu\/fr\/wp-json\/wp\/v2\/pages\/4987\/revisions\/8490"}],"wp:attachment":[{"href":"https:\/\/bertrand.lu\/fr\/wp-json\/wp\/v2\/media?parent=4987"}],"curies":[{"name":"wp","href":"https:\/\/api.w.org\/{rel}","templated":true}]}}