{"id":7234,"date":"2024-02-13T11:26:59","date_gmt":"2024-02-13T10:26:59","guid":{"rendered":"https:\/\/bertrand.lu\/?page_id=7234"},"modified":"2024-05-30T10:50:14","modified_gmt":"2024-05-30T08:50:14","slug":"nos-projets","status":"publish","type":"page","link":"https:\/\/bertrand.lu\/fr\/nos-projets\/","title":{"rendered":"Nos projets"},"content":{"rendered":"\t\t<div data-elementor-type=\"wp-page\" data-elementor-id=\"7234\" class=\"elementor elementor-7234\">\n\t\t\t\t\t\t<section class=\"elementor-section elementor-top-section elementor-element elementor-element-2b14d29 elementor-section-stretched elementor-section-height-min-height elementor-section-full_width elementor-section-items-bottom elementor-section-height-default elementor-invisible\" data-id=\"2b14d29\" data-element_type=\"section\" data-settings=\"{&quot;stretch_section&quot;:&quot;section-stretched&quot;,&quot;background_background&quot;:&quot;classic&quot;,&quot;animation&quot;:&quot;fadeIn&quot;,&quot;animation_delay&quot;:400}\">\n\t\t\t\t\t\t<div class=\"elementor-container elementor-column-gap-default\">\n\t\t\t\t\t<div class=\"elementor-column elementor-col-100 elementor-top-column elementor-element elementor-element-e3cd282\" data-id=\"e3cd282\" data-element_type=\"column\">\n\t\t\t<div class=\"elementor-widget-wrap elementor-element-populated\">\n\t\t\t\t\t\t<div class=\"elementor-element elementor-element-f323295 elementor-widget elementor-widget-heading\" data-id=\"f323295\" data-element_type=\"widget\" data-widget_type=\"heading.default\">\n\t\t\t\t<div class=\"elementor-widget-container\">\n\t\t\t\t\t<h1 class=\"elementor-heading-title elementor-size-default\">OUR PROJECTS<\/h1>\t\t\t\t<\/div>\n\t\t\t\t<\/div>\n\t\t\t\t\t<\/div>\n\t\t<\/div>\n\t\t\t\t\t<\/div>\n\t\t<\/section>\n\t\t\t\t<section class=\"elementor-section elementor-top-section elementor-element elementor-element-2d4131d elementor-section-boxed elementor-section-height-default elementor-section-height-default\" data-id=\"2d4131d\" data-element_type=\"section\">\n\t\t\t\t\t\t<div class=\"elementor-container elementor-column-gap-default\">\n\t\t\t\t\t<div class=\"elementor-column elementor-col-100 elementor-top-column elementor-element elementor-element-3c46a6e\" data-id=\"3c46a6e\" data-element_type=\"column\">\n\t\t\t<div class=\"elementor-widget-wrap elementor-element-populated\">\n\t\t\t\t\t\t<div class=\"elementor-element elementor-element-5a9c459 elementor-widget elementor-widget-spacer\" data-id=\"5a9c459\" data-element_type=\"widget\" data-widget_type=\"spacer.default\">\n\t\t\t\t<div class=\"elementor-widget-container\">\n\t\t\t\t\t\t\t<div class=\"elementor-spacer\">\n\t\t\t<div class=\"elementor-spacer-inner\"><\/div>\n\t\t<\/div>\n\t\t\t\t\t\t<\/div>\n\t\t\t\t<\/div>\n\t\t\t\t\t<\/div>\n\t\t<\/div>\n\t\t\t\t\t<\/div>\n\t\t<\/section>\n\t\t\t\t<section class=\"elementor-section elementor-top-section elementor-element elementor-element-fd539d4 elementor-section-boxed elementor-section-height-default elementor-section-height-default\" data-id=\"fd539d4\" data-element_type=\"section\">\n\t\t\t\t\t\t<div class=\"elementor-container elementor-column-gap-default\">\n\t\t\t\t\t<div class=\"elementor-column elementor-col-100 elementor-top-column elementor-element elementor-element-e26016e\" data-id=\"e26016e\" data-element_type=\"column\">\n\t\t\t<div class=\"elementor-widget-wrap\">\n\t\t\t\t\t\t\t<\/div>\n\t\t<\/div>\n\t\t\t\t\t<\/div>\n\t\t<\/section>\n\t\t\t\t<section class=\"elementor-section elementor-top-section elementor-element elementor-element-65cc259 elementor-section-full_width elementor-section-stretched elementor-section-height-default elementor-section-height-default\" data-id=\"65cc259\" data-element_type=\"section\" data-settings=\"{&quot;stretch_section&quot;:&quot;section-stretched&quot;}\">\n\t\t\t\t\t\t<div class=\"elementor-container elementor-column-gap-default\">\n\t\t\t\t\t<div class=\"elementor-column elementor-col-100 elementor-top-column elementor-element elementor-element-e748673\" data-id=\"e748673\" data-element_type=\"column\">\n\t\t\t<div class=\"elementor-widget-wrap elementor-element-populated\">\n\t\t\t\t\t\t<div class=\"elementor-element elementor-element-49fcaef elementor-widget elementor-widget-shortcode\" data-id=\"49fcaef\" data-element_type=\"widget\" data-widget_type=\"shortcode.default\">\n\t\t\t\t<div class=\"elementor-widget-container\">\n\t\t\t\t\t\t\t<div class=\"elementor-shortcode\">[elementor-template id=\"2442\"]<\/div>\n\t\t\t\t\t\t<\/div>\n\t\t\t\t<\/div>\n\t\t\t\t\t<\/div>\n\t\t<\/div>\n\t\t\t\t\t<\/div>\n\t\t<\/section>\n\t\t\t\t<\/div>\n\t\t","protected":false},"excerpt":{"rendered":"<p>OUR PROJECTS Ventilated Facades Kitchens Bathrooms Interior Stairs, Floors &#038; Walls Exterior &#038; terraces Funerary Monuments Building complex &#8211; Kanfanar Limestone Building complex- Kanfanar Limestone Building complex &#8211; Kanfanar Limestone Ban de Gasperich &#8211; Kanfanar Limestone Ban de Gasperich &#8211; Moca Creme Limestone Fiber cement Private project &#8211; Mendiger Basalt Eternit Private project &#8211; Mendiger [&hellip;]<\/p>\n","protected":false},"author":7,"featured_media":0,"parent":0,"menu_order":0,"comment_status":"closed","ping_status":"closed","template":"","meta":{"footnotes":""},"class_list":["post-7234","page","type-page","status-publish","hentry","entry"],"yoast_head":"<!-- This site is optimized with the Yoast SEO plugin v23.8 - https:\/\/yoast.com\/wordpress\/plugins\/seo\/ -->\n<title>Our projects - Marbrerie Bertrand<\/title>\n<meta name=\"description\" content=\"Take a look at some of our past projects. Get inspiration for ventilated facades, kitchens, bathrooms, stairs, floors, memorial monuments,...\" \/>\n<meta name=\"robots\" content=\"index, follow, max-snippet:-1, max-image-preview:large, max-video-preview:-1\" \/>\n<link rel=\"canonical\" href=\"https:\/\/bertrand.lu\/fr\/nos-projets\/\" \/>\n<meta property=\"og:locale\" content=\"fr_FR\" \/>\n<meta property=\"og:type\" content=\"article\" \/>\n<meta property=\"og:title\" content=\"Our projects - Marbrerie Bertrand\" \/>\n<meta property=\"og:description\" content=\"Take a look at some of our past projects. Get inspiration for ventilated facades, kitchens, bathrooms, stairs, floors, memorial monuments,...\" \/>\n<meta property=\"og:url\" content=\"https:\/\/bertrand.lu\/fr\/nos-projets\/\" \/>\n<meta property=\"og:site_name\" content=\"Marbrerie Bertrand\" \/>\n<meta property=\"article:modified_time\" content=\"2024-05-30T08:50:14+00:00\" \/>\n<meta name=\"twitter:card\" content=\"summary_large_image\" \/>\n<meta name=\"twitter:label1\" content=\"Dur\u00e9e de lecture estim\u00e9e\" \/>\n\t<meta name=\"twitter:data1\" content=\"1 minute\" \/>\n<script type=\"application\/ld+json\" class=\"yoast-schema-graph\">{\"@context\":\"https:\/\/schema.org\",\"@graph\":[{\"@type\":\"WebPage\",\"@id\":\"https:\/\/bertrand.lu\/projects\/\",\"url\":\"https:\/\/bertrand.lu\/projects\/\",\"name\":\"Our projects - Marbrerie Bertrand\",\"isPartOf\":{\"@id\":\"https:\/\/bertrand.lu\/#website\"},\"datePublished\":\"2024-02-13T10:26:59+00:00\",\"dateModified\":\"2024-05-30T08:50:14+00:00\",\"description\":\"Take a look at some of our past projects. Get inspiration for ventilated facades, kitchens, bathrooms, stairs, floors, memorial monuments,...\",\"breadcrumb\":{\"@id\":\"https:\/\/bertrand.lu\/projects\/#breadcrumb\"},\"inLanguage\":\"fr-FR\",\"potentialAction\":[{\"@type\":\"ReadAction\",\"target\":[\"https:\/\/bertrand.lu\/projects\/\"]}]},{\"@type\":\"BreadcrumbList\",\"@id\":\"https:\/\/bertrand.lu\/projects\/#breadcrumb\",\"itemListElement\":[{\"@type\":\"ListItem\",\"position\":1,\"name\":\"Home\",\"item\":\"https:\/\/bertrand.lu\/\"},{\"@type\":\"ListItem\",\"position\":2,\"name\":\"Our projects\"}]},{\"@type\":\"WebSite\",\"@id\":\"https:\/\/bertrand.lu\/#website\",\"url\":\"https:\/\/bertrand.lu\/\",\"name\":\"Marbrerie Bertrand\",\"description\":\"Bertrand Stone Luxembourg\",\"publisher\":{\"@id\":\"https:\/\/bertrand.lu\/#organization\"},\"potentialAction\":[{\"@type\":\"SearchAction\",\"target\":{\"@type\":\"EntryPoint\",\"urlTemplate\":\"https:\/\/bertrand.lu\/?s={search_term_string}\"},\"query-input\":{\"@type\":\"PropertyValueSpecification\",\"valueRequired\":true,\"valueName\":\"search_term_string\"}}],\"inLanguage\":\"fr-FR\"},{\"@type\":\"Organization\",\"@id\":\"https:\/\/bertrand.lu\/#organization\",\"name\":\"Marbrerie Bertrand\",\"url\":\"https:\/\/bertrand.lu\/\",\"logo\":{\"@type\":\"ImageObject\",\"inLanguage\":\"fr-FR\",\"@id\":\"https:\/\/bertrand.lu\/#\/schema\/logo\/image\/\",\"url\":\"https:\/\/bertrand.lu\/wp-content\/uploads\/2021\/07\/logW1.png\",\"contentUrl\":\"https:\/\/bertrand.lu\/wp-content\/uploads\/2021\/07\/logW1.png\",\"width\":412,\"height\":200,\"caption\":\"Marbrerie Bertrand\"},\"image\":{\"@id\":\"https:\/\/bertrand.lu\/#\/schema\/logo\/image\/\"}}]}<\/script>\n<!-- \/ Yoast SEO plugin. -->","yoast_head_json":{"title":"Nos projets - Marbrerie Bertrand","description":"Jetez un coup d'\u0153il \u00e0 certains de nos projets ant\u00e9rieurs. Inspirez-vous des fa\u00e7ades ventil\u00e9es, des cuisines, des salles de bains, des escaliers, des sols, des monuments comm\u00e9moratifs,...","robots":{"index":"index","follow":"follow","max-snippet":"max-snippet:-1","max-image-preview":"max-image-preview:large","max-video-preview":"max-video-preview:-1"},"canonical":"https:\/\/bertrand.lu\/fr\/nos-projets\/","og_locale":"fr_FR","og_type":"article","og_title":"Our projects - Marbrerie Bertrand","og_description":"Take a look at some of our past projects. Get inspiration for ventilated facades, kitchens, bathrooms, stairs, floors, memorial monuments,...","og_url":"https:\/\/bertrand.lu\/fr\/nos-projets\/","og_site_name":"Marbrerie Bertrand","article_modified_time":"2024-05-30T08:50:14+00:00","twitter_card":"summary_large_image","twitter_misc":{"Dur\u00e9e de lecture estim\u00e9e":"1 minute"},"schema":{"@context":"https:\/\/schema.org","@graph":[{"@type":"WebPage","@id":"https:\/\/bertrand.lu\/projects\/","url":"https:\/\/bertrand.lu\/projects\/","name":"Nos projets - Marbrerie Bertrand","isPartOf":{"@id":"https:\/\/bertrand.lu\/#website"},"datePublished":"2024-02-13T10:26:59+00:00","dateModified":"2024-05-30T08:50:14+00:00","description":"Jetez un coup d'\u0153il \u00e0 certains de nos projets ant\u00e9rieurs. Inspirez-vous des fa\u00e7ades ventil\u00e9es, des cuisines, des salles de bains, des escaliers, des sols, des monuments comm\u00e9moratifs,...","breadcrumb":{"@id":"https:\/\/bertrand.lu\/projects\/#breadcrumb"},"inLanguage":"fr-FR","potentialAction":[{"@type":"ReadAction","target":["https:\/\/bertrand.lu\/projects\/"]}]},{"@type":"BreadcrumbList","@id":"https:\/\/bertrand.lu\/projects\/#breadcrumb","itemListElement":[{"@type":"ListItem","position":1,"name":"Home","item":"https:\/\/bertrand.lu\/"},{"@type":"ListItem","position":2,"name":"Our projects"}]},{"@type":"WebSite","@id":"https:\/\/bertrand.lu\/#website","url":"https:\/\/bertrand.lu\/","name":"Marbrerie Bertrand","description":"Bertrand Stone Luxembourg","publisher":{"@id":"https:\/\/bertrand.lu\/#organization"},"potentialAction":[{"@type":"SearchAction","target":{"@type":"EntryPoint","urlTemplate":"https:\/\/bertrand.lu\/?s={search_term_string}"},"query-input":{"@type":"PropertyValueSpecification","valueRequired":true,"valueName":"search_term_string"}}],"inLanguage":"fr-FR"},{"@type":"Organization","@id":"https:\/\/bertrand.lu\/#organization","name":"Marbrerie Bertrand","url":"https:\/\/bertrand.lu\/","logo":{"@type":"ImageObject","inLanguage":"fr-FR","@id":"https:\/\/bertrand.lu\/#\/schema\/logo\/image\/","url":"https:\/\/bertrand.lu\/wp-content\/uploads\/2021\/07\/logW1.png","contentUrl":"https:\/\/bertrand.lu\/wp-content\/uploads\/2021\/07\/logW1.png","width":412,"height":200,"caption":"Marbrerie Bertrand"},"image":{"@id":"https:\/\/bertrand.lu\/#\/schema\/logo\/image\/"}}]}},"_links":{"self":[{"href":"https:\/\/bertrand.lu\/fr\/wp-json\/wp\/v2\/pages\/7234","targetHints":{"allow":["GET"]}}],"collection":[{"href":"https:\/\/bertrand.lu\/fr\/wp-json\/wp\/v2\/pages"}],"about":[{"href":"https:\/\/bertrand.lu\/fr\/wp-json\/wp\/v2\/types\/page"}],"author":[{"embeddable":true,"href":"https:\/\/bertrand.lu\/fr\/wp-json\/wp\/v2\/users\/7"}],"replies":[{"embeddable":true,"href":"https:\/\/bertrand.lu\/fr\/wp-json\/wp\/v2\/comments?post=7234"}],"version-history":[{"count":21,"href":"https:\/\/bertrand.lu\/fr\/wp-json\/wp\/v2\/pages\/7234\/revisions"}],"predecessor-version":[{"id":8362,"href":"https:\/\/bertrand.lu\/fr\/wp-json\/wp\/v2\/pages\/7234\/revisions\/8362"}],"wp:attachment":[{"href":"https:\/\/bertrand.lu\/fr\/wp-json\/wp\/v2\/media?parent=7234"}],"curies":[{"name":"wp","href":"https:\/\/api.w.org\/{rel}","templated":true}]}}