{"id":7243,"date":"2024-02-13T11:30:27","date_gmt":"2024-02-13T10:30:27","guid":{"rendered":"https:\/\/bertrand.lu\/?page_id=7243"},"modified":"2024-07-24T09:22:23","modified_gmt":"2024-07-24T07:22:23","slug":"bibliotheques-des-pierres","status":"publish","type":"page","link":"https:\/\/bertrand.lu\/fr\/bibliotheques-des-pierres\/","title":{"rendered":"Biblioth\u00e8que de pierre"},"content":{"rendered":"\t\t<div data-elementor-type=\"wp-page\" data-elementor-id=\"7243\" class=\"elementor elementor-7243\">\n\t\t\t\t\t\t<section class=\"elementor-section elementor-top-section elementor-element elementor-element-6b82335 elementor-section-stretched elementor-section-height-min-height elementor-section-full_width elementor-section-items-bottom elementor-section-height-default elementor-invisible\" data-id=\"6b82335\" data-element_type=\"section\" data-settings=\"{&quot;stretch_section&quot;:&quot;section-stretched&quot;,&quot;background_background&quot;:&quot;classic&quot;,&quot;animation&quot;:&quot;fadeIn&quot;,&quot;animation_delay&quot;:400}\">\n\t\t\t\t\t\t<div class=\"elementor-container elementor-column-gap-default\">\n\t\t\t\t\t<div class=\"elementor-column elementor-col-100 elementor-top-column elementor-element elementor-element-9de6265\" data-id=\"9de6265\" data-element_type=\"column\">\n\t\t\t<div class=\"elementor-widget-wrap elementor-element-populated\">\n\t\t\t\t\t\t<div class=\"elementor-element elementor-element-cbba19b elementor-widget elementor-widget-heading\" data-id=\"cbba19b\" data-element_type=\"widget\" data-widget_type=\"heading.default\">\n\t\t\t\t<div class=\"elementor-widget-container\">\n\t\t\t\t\t<h1 class=\"elementor-heading-title elementor-size-default\">STONE LIBRARY<\/h1>\t\t\t\t<\/div>\n\t\t\t\t<\/div>\n\t\t\t\t\t<\/div>\n\t\t<\/div>\n\t\t\t\t\t<\/div>\n\t\t<\/section>\n\t\t\t\t<section class=\"elementor-section elementor-top-section elementor-element elementor-element-bc87e47 elementor-section-boxed elementor-section-height-default elementor-section-height-default\" data-id=\"bc87e47\" data-element_type=\"section\">\n\t\t\t\t\t\t<div class=\"elementor-container elementor-column-gap-default\">\n\t\t\t\t\t<div class=\"elementor-column elementor-col-100 elementor-top-column elementor-element elementor-element-e8dbfae\" data-id=\"e8dbfae\" data-element_type=\"column\">\n\t\t\t<div class=\"elementor-widget-wrap elementor-element-populated\">\n\t\t\t\t\t\t<div class=\"elementor-element elementor-element-ab3637b elementor-widget elementor-widget-spacer\" data-id=\"ab3637b\" data-element_type=\"widget\" data-widget_type=\"spacer.default\">\n\t\t\t\t<div class=\"elementor-widget-container\">\n\t\t\t\t\t\t\t<div class=\"elementor-spacer\">\n\t\t\t<div class=\"elementor-spacer-inner\"><\/div>\n\t\t<\/div>\n\t\t\t\t\t\t<\/div>\n\t\t\t\t<\/div>\n\t\t\t\t\t<\/div>\n\t\t<\/div>\n\t\t\t\t\t<\/div>\n\t\t<\/section>\n\t\t\t\t<section class=\"elementor-section elementor-top-section elementor-element elementor-element-501dcd2 elementor-section-boxed elementor-section-height-default elementor-section-height-default\" data-id=\"501dcd2\" data-element_type=\"section\">\n\t\t\t\t\t\t<div class=\"elementor-container elementor-column-gap-default\">\n\t\t\t\t\t<div class=\"elementor-column elementor-col-100 elementor-top-column elementor-element elementor-element-3909c49\" data-id=\"3909c49\" data-element_type=\"column\">\n\t\t\t<div class=\"elementor-widget-wrap\">\n\t\t\t\t\t\t\t<\/div>\n\t\t<\/div>\n\t\t\t\t\t<\/div>\n\t\t<\/section>\n\t\t\t\t<section class=\"elementor-section elementor-top-section elementor-element elementor-element-57ab7b2 elementor-section-full_width elementor-section-stretched elementor-section-height-default elementor-section-height-default\" data-id=\"57ab7b2\" data-element_type=\"section\" data-settings=\"{&quot;stretch_section&quot;:&quot;section-stretched&quot;}\">\n\t\t\t\t\t\t<div class=\"elementor-container elementor-column-gap-default\">\n\t\t\t\t\t<div class=\"elementor-column elementor-col-100 elementor-top-column elementor-element elementor-element-edf23d2\" data-id=\"edf23d2\" data-element_type=\"column\">\n\t\t\t<div class=\"elementor-widget-wrap elementor-element-populated\">\n\t\t\t\t\t\t<div class=\"elementor-element elementor-element-00f23d9 elementor-invisible elementor-widget elementor-widget-shortcode\" data-id=\"00f23d9\" data-element_type=\"widget\" data-settings=\"{&quot;_animation&quot;:&quot;fadeInUp&quot;}\" data-widget_type=\"shortcode.default\">\n\t\t\t\t<div class=\"elementor-widget-container\">\n\t\t\t\t\t\t\t<div class=\"elementor-shortcode\">[elementor-template id=\"2442\"]<\/div>\n\t\t\t\t\t\t<\/div>\n\t\t\t\t<\/div>\n\t\t\t\t\t<\/div>\n\t\t<\/div>\n\t\t\t\t\t<\/div>\n\t\t<\/section>\n\t\t\t\t<\/div>\n\t\t","protected":false},"excerpt":{"rendered":"<p>STONE LIBRARY Marble Quartzite Limestone Granite Onyx Ceramic Labrador Blue Glacier Ceramic Aura Silver Waves Rosso Levanto Tropical Storm ceppo di gre Travertin Rouge Mont Blanc Verde Patricia Ceramic Silk Ceppo di Gre Travertin Silver Nero Dorato Ceramic Touch\u00e9 Verde Levanto Nero Dorato Ceramic Vint Patagonia Taj Mahal Ceramic Masai Ceramic Pacific Ceramic Larsen Ceramic [&hellip;]<\/p>\n","protected":false},"author":7,"featured_media":0,"parent":0,"menu_order":0,"comment_status":"closed","ping_status":"closed","template":"","meta":{"footnotes":""},"class_list":["post-7243","page","type-page","status-publish","hentry","entry"],"yoast_head":"<!-- This site is optimized with the Yoast SEO plugin v23.8 - https:\/\/yoast.com\/wordpress\/plugins\/seo\/ -->\n<title>Stone library - Marbrerie Bertrand<\/title>\n<meta name=\"description\" content=\"Our &quot;Stone Library&quot; is our digital, curated selection of stones. Take a look at our wide range of materials.\" \/>\n<meta name=\"robots\" content=\"index, follow, max-snippet:-1, max-image-preview:large, max-video-preview:-1\" \/>\n<link rel=\"canonical\" href=\"https:\/\/bertrand.lu\/fr\/bibliotheques-des-pierres\/\" \/>\n<meta property=\"og:locale\" content=\"fr_FR\" \/>\n<meta property=\"og:type\" content=\"article\" \/>\n<meta property=\"og:title\" content=\"Stone library - Marbrerie Bertrand\" \/>\n<meta property=\"og:description\" content=\"Our &quot;Stone Library&quot; is our digital, curated selection of stones. Take a look at our wide range of materials.\" \/>\n<meta property=\"og:url\" content=\"https:\/\/bertrand.lu\/fr\/bibliotheques-des-pierres\/\" \/>\n<meta property=\"og:site_name\" content=\"Marbrerie Bertrand\" \/>\n<meta property=\"article:modified_time\" content=\"2024-07-24T07:22:23+00:00\" \/>\n<meta name=\"twitter:card\" content=\"summary_large_image\" \/>\n<meta name=\"twitter:label1\" content=\"Dur\u00e9e de lecture estim\u00e9e\" \/>\n\t<meta name=\"twitter:data1\" content=\"1 minute\" \/>\n<script type=\"application\/ld+json\" class=\"yoast-schema-graph\">{\"@context\":\"https:\/\/schema.org\",\"@graph\":[{\"@type\":\"WebPage\",\"@id\":\"https:\/\/bertrand.lu\/stone-library\/\",\"url\":\"https:\/\/bertrand.lu\/stone-library\/\",\"name\":\"Stone library - Marbrerie Bertrand\",\"isPartOf\":{\"@id\":\"https:\/\/bertrand.lu\/#website\"},\"datePublished\":\"2024-02-13T10:30:27+00:00\",\"dateModified\":\"2024-07-24T07:22:23+00:00\",\"description\":\"Our \\\"Stone Library\\\" is our digital, curated selection of stones. Take a look at our wide range of materials.\",\"breadcrumb\":{\"@id\":\"https:\/\/bertrand.lu\/stone-library\/#breadcrumb\"},\"inLanguage\":\"fr-FR\",\"potentialAction\":[{\"@type\":\"ReadAction\",\"target\":[\"https:\/\/bertrand.lu\/stone-library\/\"]}]},{\"@type\":\"BreadcrumbList\",\"@id\":\"https:\/\/bertrand.lu\/stone-library\/#breadcrumb\",\"itemListElement\":[{\"@type\":\"ListItem\",\"position\":1,\"name\":\"Home\",\"item\":\"https:\/\/bertrand.lu\/\"},{\"@type\":\"ListItem\",\"position\":2,\"name\":\"Stone library\"}]},{\"@type\":\"WebSite\",\"@id\":\"https:\/\/bertrand.lu\/#website\",\"url\":\"https:\/\/bertrand.lu\/\",\"name\":\"Marbrerie Bertrand\",\"description\":\"Bertrand Stone Luxembourg\",\"publisher\":{\"@id\":\"https:\/\/bertrand.lu\/#organization\"},\"potentialAction\":[{\"@type\":\"SearchAction\",\"target\":{\"@type\":\"EntryPoint\",\"urlTemplate\":\"https:\/\/bertrand.lu\/?s={search_term_string}\"},\"query-input\":{\"@type\":\"PropertyValueSpecification\",\"valueRequired\":true,\"valueName\":\"search_term_string\"}}],\"inLanguage\":\"fr-FR\"},{\"@type\":\"Organization\",\"@id\":\"https:\/\/bertrand.lu\/#organization\",\"name\":\"Marbrerie Bertrand\",\"url\":\"https:\/\/bertrand.lu\/\",\"logo\":{\"@type\":\"ImageObject\",\"inLanguage\":\"fr-FR\",\"@id\":\"https:\/\/bertrand.lu\/#\/schema\/logo\/image\/\",\"url\":\"https:\/\/bertrand.lu\/wp-content\/uploads\/2021\/07\/logW1.png\",\"contentUrl\":\"https:\/\/bertrand.lu\/wp-content\/uploads\/2021\/07\/logW1.png\",\"width\":412,\"height\":200,\"caption\":\"Marbrerie Bertrand\"},\"image\":{\"@id\":\"https:\/\/bertrand.lu\/#\/schema\/logo\/image\/\"}}]}<\/script>\n<!-- \/ Yoast SEO plugin. -->","yoast_head_json":{"title":"Biblioth\u00e8que de pierres - Marbrerie Bertrand","description":"Notre \"biblioth\u00e8que de pierres\" est notre s\u00e9lection num\u00e9rique de pierres. Jetez un coup d'\u0153il \u00e0 notre large gamme de mat\u00e9riaux.","robots":{"index":"index","follow":"follow","max-snippet":"max-snippet:-1","max-image-preview":"max-image-preview:large","max-video-preview":"max-video-preview:-1"},"canonical":"https:\/\/bertrand.lu\/fr\/bibliotheques-des-pierres\/","og_locale":"fr_FR","og_type":"article","og_title":"Stone library - Marbrerie Bertrand","og_description":"Our \"Stone Library\" is our digital, curated selection of stones. Take a look at our wide range of materials.","og_url":"https:\/\/bertrand.lu\/fr\/bibliotheques-des-pierres\/","og_site_name":"Marbrerie Bertrand","article_modified_time":"2024-07-24T07:22:23+00:00","twitter_card":"summary_large_image","twitter_misc":{"Dur\u00e9e de lecture estim\u00e9e":"1 minute"},"schema":{"@context":"https:\/\/schema.org","@graph":[{"@type":"WebPage","@id":"https:\/\/bertrand.lu\/stone-library\/","url":"https:\/\/bertrand.lu\/stone-library\/","name":"Biblioth\u00e8que de pierres - Marbrerie Bertrand","isPartOf":{"@id":"https:\/\/bertrand.lu\/#website"},"datePublished":"2024-02-13T10:30:27+00:00","dateModified":"2024-07-24T07:22:23+00:00","description":"Notre \"biblioth\u00e8que de pierres\" est notre s\u00e9lection num\u00e9rique de pierres. Jetez un coup d'\u0153il \u00e0 notre large gamme de mat\u00e9riaux.","breadcrumb":{"@id":"https:\/\/bertrand.lu\/stone-library\/#breadcrumb"},"inLanguage":"fr-FR","potentialAction":[{"@type":"ReadAction","target":["https:\/\/bertrand.lu\/stone-library\/"]}]},{"@type":"BreadcrumbList","@id":"https:\/\/bertrand.lu\/stone-library\/#breadcrumb","itemListElement":[{"@type":"ListItem","position":1,"name":"Home","item":"https:\/\/bertrand.lu\/"},{"@type":"ListItem","position":2,"name":"Stone library"}]},{"@type":"WebSite","@id":"https:\/\/bertrand.lu\/#website","url":"https:\/\/bertrand.lu\/","name":"Marbrerie Bertrand","description":"Bertrand Stone Luxembourg","publisher":{"@id":"https:\/\/bertrand.lu\/#organization"},"potentialAction":[{"@type":"SearchAction","target":{"@type":"EntryPoint","urlTemplate":"https:\/\/bertrand.lu\/?s={search_term_string}"},"query-input":{"@type":"PropertyValueSpecification","valueRequired":true,"valueName":"search_term_string"}}],"inLanguage":"fr-FR"},{"@type":"Organization","@id":"https:\/\/bertrand.lu\/#organization","name":"Marbrerie Bertrand","url":"https:\/\/bertrand.lu\/","logo":{"@type":"ImageObject","inLanguage":"fr-FR","@id":"https:\/\/bertrand.lu\/#\/schema\/logo\/image\/","url":"https:\/\/bertrand.lu\/wp-content\/uploads\/2021\/07\/logW1.png","contentUrl":"https:\/\/bertrand.lu\/wp-content\/uploads\/2021\/07\/logW1.png","width":412,"height":200,"caption":"Marbrerie Bertrand"},"image":{"@id":"https:\/\/bertrand.lu\/#\/schema\/logo\/image\/"}}]}},"_links":{"self":[{"href":"https:\/\/bertrand.lu\/fr\/wp-json\/wp\/v2\/pages\/7243","targetHints":{"allow":["GET"]}}],"collection":[{"href":"https:\/\/bertrand.lu\/fr\/wp-json\/wp\/v2\/pages"}],"about":[{"href":"https:\/\/bertrand.lu\/fr\/wp-json\/wp\/v2\/types\/page"}],"author":[{"embeddable":true,"href":"https:\/\/bertrand.lu\/fr\/wp-json\/wp\/v2\/users\/7"}],"replies":[{"embeddable":true,"href":"https:\/\/bertrand.lu\/fr\/wp-json\/wp\/v2\/comments?post=7243"}],"version-history":[{"count":23,"href":"https:\/\/bertrand.lu\/fr\/wp-json\/wp\/v2\/pages\/7243\/revisions"}],"predecessor-version":[{"id":8566,"href":"https:\/\/bertrand.lu\/fr\/wp-json\/wp\/v2\/pages\/7243\/revisions\/8566"}],"wp:attachment":[{"href":"https:\/\/bertrand.lu\/fr\/wp-json\/wp\/v2\/media?parent=7243"}],"curies":[{"name":"wp","href":"https:\/\/api.w.org\/{rel}","templated":true}]}}